{"id":27,"date":"2014-11-14T14:56:26","date_gmt":"2014-11-14T13:56:26","guid":{"rendered":"http:\/\/www.vroblova.cz\/?page_id=27"},"modified":"2021-06-12T21:39:16","modified_gmt":"2021-06-12T19:39:16","slug":"kontakt","status":"publish","type":"page","link":"https:\/\/www.vroblova.cz\/?page_id=27","title":{"rendered":"Kontakt"},"content":{"rendered":"<p><a href=\"http:\/\/www.vroblova.cz\/wp-content\/uploads\/2014\/11\/23-e1416086599416.jpg\"><img loading=\"lazy\" decoding=\"async\" class=\"alignnone size-large wp-image-82\" src=\"http:\/\/www.vroblova.cz\/wp-content\/uploads\/2014\/11\/23-e1416086599416-1024x135.jpg\" alt=\"banner_kontakty\" width=\"904\" height=\"119\" srcset=\"https:\/\/www.vroblova.cz\/wp-content\/uploads\/2014\/11\/23-e1416086599416-1024x135.jpg 1024w, https:\/\/www.vroblova.cz\/wp-content\/uploads\/2014\/11\/23-e1416086599416-300x39.jpg 300w, https:\/\/www.vroblova.cz\/wp-content\/uploads\/2014\/11\/23-e1416086599416-904x119.jpg 904w, https:\/\/www.vroblova.cz\/wp-content\/uploads\/2014\/11\/23-e1416086599416.jpg 1920w\" sizes=\"auto, (max-width: 904px) 100vw, 904px\" \/><\/a><\/p>\n<h4><strong>Ing. Irina Vroblov\u00e1<a href=\"http:\/\/www.vroblova.cz\/wp-content\/uploads\/2014\/11\/prilba.jpg\"><img loading=\"lazy\" decoding=\"async\" class=\"alignright wp-image-94 size-full\" src=\"http:\/\/www.vroblova.cz\/wp-content\/uploads\/2014\/11\/prilba.jpg\" alt=\"prilba\" width=\"186\" height=\"150\" \/><\/a><\/strong><br \/>\nkoordin\u00e1tor BOZP<\/h4>\n<p><strong>I\u010c:<\/strong> 73171956<\/p>\n<p><strong>Adresa:<\/strong><br \/>\nFischerova 691\/21<br \/>\n779 00 Olomouc<br \/>\n\u010cesk\u00e1 republika<\/p>\n<p><strong>Telefon: <\/strong>+420\u00a0603\u00a0370\u00a0479<br \/>\n<strong>Tel.\/Fax: <\/strong>+420\u00a0581\u00a0062\u00a0858<\/p>\n<p><strong>E-mail: <\/strong>i.vroblova(zavin\u00e1\u010d)email.cz<br \/>\n<strong>Web:<\/strong> www.vroblova.cz<\/p>\n","protected":false},"excerpt":{"rendered":"<p>Ing. Irina Vroblov\u00e1 koordin\u00e1tor BOZP I\u010c: 73171956 Adresa: Fischerova 691\/21 779 00 Olomouc \u010cesk\u00e1 republika Telefon: +420\u00a0603\u00a0370\u00a0479 Tel.\/Fax: +420\u00a0581\u00a0062\u00a0858 E-mail: i.vroblova(zavin\u00e1\u010d)email.cz Web: www.vroblova.cz<\/p>\n","protected":false},"author":1,"featured_media":0,"parent":0,"menu_order":0,"comment_status":"closed","ping_status":"open","template":"","meta":{"footnotes":""},"class_list":["post-27","page","type-page","status-publish","hentry","content-columns-2"],"_links":{"self":[{"href":"https:\/\/www.vroblova.cz\/index.php?rest_route=\/wp\/v2\/pages\/27","targetHints":{"allow":["GET"]}}],"collection":[{"href":"https:\/\/www.vroblova.cz\/index.php?rest_route=\/wp\/v2\/pages"}],"about":[{"href":"https:\/\/www.vroblova.cz\/index.php?rest_route=\/wp\/v2\/types\/page"}],"author":[{"embeddable":true,"href":"https:\/\/www.vroblova.cz\/index.php?rest_route=\/wp\/v2\/users\/1"}],"replies":[{"embeddable":true,"href":"https:\/\/www.vroblova.cz\/index.php?rest_route=%2Fwp%2Fv2%2Fcomments&post=27"}],"version-history":[{"count":14,"href":"https:\/\/www.vroblova.cz\/index.php?rest_route=\/wp\/v2\/pages\/27\/revisions"}],"predecessor-version":[{"id":281,"href":"https:\/\/www.vroblova.cz\/index.php?rest_route=\/wp\/v2\/pages\/27\/revisions\/281"}],"wp:attachment":[{"href":"https:\/\/www.vroblova.cz\/index.php?rest_route=%2Fwp%2Fv2%2Fmedia&parent=27"}],"curies":[{"name":"wp","href":"https:\/\/api.w.org\/{rel}","templated":true}]}}