{"id":21,"date":"2014-11-14T14:55:37","date_gmt":"2014-11-14T13:55:37","guid":{"rendered":"http:\/\/www.vroblova.cz\/?page_id=21"},"modified":"2024-02-04T11:53:02","modified_gmt":"2024-02-04T10:53:02","slug":"certifikace","status":"publish","type":"page","link":"https:\/\/www.vroblova.cz\/?page_id=21","title":{"rendered":"Certifikace"},"content":{"rendered":"<p><a href=\"http:\/\/www.vroblova.cz\/wp-content\/uploads\/2014\/11\/12-e1416084811346.jpg\"><img loading=\"lazy\" decoding=\"async\" class=\"alignnone wp-image-66 size-large\" src=\"http:\/\/www.vroblova.cz\/wp-content\/uploads\/2014\/11\/12-e1416084811346-1024x135.jpg\" alt=\"banner_certif\" width=\"904\" height=\"119\" srcset=\"https:\/\/www.vroblova.cz\/wp-content\/uploads\/2014\/11\/12-e1416084811346-1024x135.jpg 1024w, https:\/\/www.vroblova.cz\/wp-content\/uploads\/2014\/11\/12-e1416084811346-300x39.jpg 300w, https:\/\/www.vroblova.cz\/wp-content\/uploads\/2014\/11\/12-e1416084811346-904x119.jpg 904w, https:\/\/www.vroblova.cz\/wp-content\/uploads\/2014\/11\/12-e1416084811346.jpg 1920w\" sizes=\"auto, (max-width: 904px) 100vw, 904px\" \/><\/a><\/p>\n<p style=\"text-align: justify;\"><strong>Koordin\u00e1tor BOZP na staveni\u0161ti<\/strong><\/p>\n<ul style=\"text-align: justify;\">\n<li>Osv\u011bd\u010den\u00ed o odborn\u00e9 zp\u016fsobilosti k\u00a0\u010dinnostem koordin\u00e1tora bezpe\u010dnosti a ochrany zdrav\u00ed p\u0159i pr\u00e1ci na staveni\u0161ti<\/li>\n<li>Osv\u011bd\u010den\u00ed o ov\u011b\u0159en\u00ed odborn\u00e9 zp\u016fsobilosti k\u00a0\u010dinnostem koordin\u00e1tora bezpe\u010dnosti a ochrany zdrav\u00ed p\u0159i pr\u00e1ci na staveni\u0161ti<\/li>\n<\/ul>\n<p style=\"text-align: right;\"><a title=\"osv\u011bd\u010den\u00ed.pdf\" href=\"http:\/\/www.vroblova.cz\/wp-content\/uploads\/2024\/02\/Osvedceni-2023.pdf\" target=\"_blank\" rel=\"noopener\"><strong>(osv\u011bd\u010den\u00ed)<\/strong><\/a><\/p>\n<p style=\"text-align: justify;\"><strong>Poji\u0161t\u011bn\u00ed<\/strong><\/p>\n<ul style=\"text-align: justify;\">\n<li>Certifik\u00e1t o poji\u0161t\u011bn\u00ed odpov\u011bdnosti podnikatele do v\u00fd\u0161e 9.000.000,- K\u010d<\/li>\n<\/ul>\n<p style=\"text-align: right;\"><a title=\"poji\u0161t\u011bn\u00ed.pdf\" href=\"http:\/\/www.vroblova.cz\/wp-content\/uploads\/2024\/02\/Pojistka-odpovednosti-2023.pdf\" target=\"_blank\" rel=\"noopener\"><strong>(pojistka)<\/strong><\/a><\/p>\n<p style=\"text-align: justify;\"><strong>\u010cSSK<\/strong><\/p>\n<ul style=\"text-align: justify;\">\n<li>\u010clen \u010cesk\u00e9 spole\u010dnosti stavebn\u00edch koordin\u00e1tor\u016f (\u010cSSK)<\/li>\n<\/ul>\n<p style=\"text-align: right;\"><a title=\"\u010dlensk\u00fd pr\u016fkaz.pdf\" href=\"http:\/\/www.vroblova.cz\/wp-content\/uploads\/2014\/11\/clensky-prukaz.pdf\" target=\"_blank\" rel=\"noopener\"><strong>(\u010dlensk\u00fd pr\u016fkaz)<\/strong><\/a><\/p>\n","protected":false},"excerpt":{"rendered":"<p>Koordin\u00e1tor BOZP na staveni\u0161ti Osv\u011bd\u010den\u00ed o odborn\u00e9 zp\u016fsobilosti k\u00a0\u010dinnostem koordin\u00e1tora bezpe\u010dnosti a ochrany zdrav\u00ed p\u0159i pr\u00e1ci na staveni\u0161ti Osv\u011bd\u010den\u00ed o ov\u011b\u0159en\u00ed odborn\u00e9 zp\u016fsobilosti k\u00a0\u010dinnostem koordin\u00e1tora bezpe\u010dnosti a ochrany zdrav\u00ed p\u0159i pr\u00e1ci na staveni\u0161ti (osv\u011bd\u010den\u00ed) Poji\u0161t\u011bn\u00ed Certifik\u00e1t o poji\u0161t\u011bn\u00ed odpov\u011bdnosti podnikatele do v\u00fd\u0161e 9.000.000,- K\u010d (pojistka) \u010cSSK \u010clen \u010cesk\u00e9 spole\u010dnosti stavebn\u00edch koordin\u00e1tor\u016f (\u010cSSK) (\u010dlensk\u00fd pr\u016fkaz)<\/p>\n","protected":false},"author":1,"featured_media":0,"parent":0,"menu_order":0,"comment_status":"closed","ping_status":"open","template":"","meta":{"footnotes":""},"class_list":["post-21","page","type-page","status-publish","hentry","content-columns-1"],"_links":{"self":[{"href":"https:\/\/www.vroblova.cz\/index.php?rest_route=\/wp\/v2\/pages\/21","targetHints":{"allow":["GET"]}}],"collection":[{"href":"https:\/\/www.vroblova.cz\/index.php?rest_route=\/wp\/v2\/pages"}],"about":[{"href":"https:\/\/www.vroblova.cz\/index.php?rest_route=\/wp\/v2\/types\/page"}],"author":[{"embeddable":true,"href":"https:\/\/www.vroblova.cz\/index.php?rest_route=\/wp\/v2\/users\/1"}],"replies":[{"embeddable":true,"href":"https:\/\/www.vroblova.cz\/index.php?rest_route=%2Fwp%2Fv2%2Fcomments&post=21"}],"version-history":[{"count":16,"href":"https:\/\/www.vroblova.cz\/index.php?rest_route=\/wp\/v2\/pages\/21\/revisions"}],"predecessor-version":[{"id":335,"href":"https:\/\/www.vroblova.cz\/index.php?rest_route=\/wp\/v2\/pages\/21\/revisions\/335"}],"wp:attachment":[{"href":"https:\/\/www.vroblova.cz\/index.php?rest_route=%2Fwp%2Fv2%2Fmedia&parent=21"}],"curies":[{"name":"wp","href":"https:\/\/api.w.org\/{rel}","templated":true}]}}