{"id":16,"date":"2014-11-14T08:20:26","date_gmt":"2014-11-14T07:20:26","guid":{"rendered":"http:\/\/www.vroblova.cz\/?page_id=16"},"modified":"2021-06-12T21:39:46","modified_gmt":"2021-06-12T19:39:46","slug":"sluzby","status":"publish","type":"page","link":"https:\/\/www.vroblova.cz\/?page_id=16","title":{"rendered":"Slu\u017eby"},"content":{"rendered":"<p><a href=\"http:\/\/www.vroblova.cz\/wp-content\/uploads\/2014\/11\/7-e1416084245332.jpg\"><img loading=\"lazy\" decoding=\"async\" class=\"alignnone wp-image-62 size-large\" src=\"http:\/\/www.vroblova.cz\/wp-content\/uploads\/2014\/11\/7-e1416084245332-1024x128.jpg\" alt=\"banner_sluzby\" width=\"904\" height=\"113\" srcset=\"https:\/\/www.vroblova.cz\/wp-content\/uploads\/2014\/11\/7-e1416084245332-1024x128.jpg 1024w, https:\/\/www.vroblova.cz\/wp-content\/uploads\/2014\/11\/7-e1416084245332-300x37.jpg 300w, https:\/\/www.vroblova.cz\/wp-content\/uploads\/2014\/11\/7-e1416084245332-904x113.jpg 904w, https:\/\/www.vroblova.cz\/wp-content\/uploads\/2014\/11\/7-e1416084245332.jpg 2048w\" sizes=\"auto, (max-width: 904px) 100vw, 904px\" \/><\/a><\/p>\n<p style=\"text-align: justify;\"><strong>V\u00fdkon \u010dinnost koordin\u00e1tora BOZP na staveni\u0161ti dle z\u00e1kona \u010d. 309\/2006 Sb. a prov\u00e1d\u011bj\u00edc\u00edch p\u0159edpis\u016f p\u0159i p\u0159\u00edprav\u011b i realizaci stavby <\/strong><\/p>\n<p style=\"text-align: justify;\"><strong>Koordin\u00e1tor BOZP p\u0159i p\u0159\u00edprav\u011b stavby:<\/strong><\/p>\n<ul style=\"text-align: justify;\">\n<li>poskytuje investorovi a projektantovi p\u0159ehled pr\u00e1vn\u00edch p\u0159edpis\u016f vztahuj\u00edc\u00edch se ke stavb\u011b,<\/li>\n<li>zpracov\u00e1v\u00e1 informace o\u00a0rizic\u00edch, kter\u00e9 se mohou na stavb\u011b p\u0159i jej\u00ed realizaci vyskytnout,<\/li>\n<li>d\u00e1v\u00e1 podn\u011bty a doporu\u010duje technick\u00e1 \u0159e\u0161en\u00ed nebo organiza\u010dn\u00ed opat\u0159en\u00ed, kter\u00e1 jsou z hlediska zaji\u0161t\u011bn\u00ed BOZP vhodn\u00e1 pro pl\u00e1nov\u00e1n\u00ed jednotliv\u00fdch prac\u00ed, zejm\u00e9na t\u011bch, kter\u00e9 se uskute\u010d\u0148uj\u00ed sou\u010dasn\u011b nebo v n\u00e1vaznosti,<\/li>\n<li>poskytuje odborn\u00e9 konzultace a doporu\u010den\u00ed t\u00fdkaj\u00edc\u00ed se po\u017eadavk\u016f na zaji\u0161t\u011bn\u00ed bezpe\u010dn\u00e9 a zdrav\u00ed neohro\u017euj\u00edc\u00ed pr\u00e1ce,<\/li>\n<li>zpracov\u00e1v\u00e1 &#8222;Pl\u00e1n BOZP&#8220; pro dan\u00e9 staveni\u0161t\u011b v\u00a0sou\u010dinnosti s\u00a0projektantem stavby, zabezpe\u010duje, aby pl\u00e1n obsahoval, p\u0159im\u011b\u0159en\u011b povaze a rozsahu stavby, \u00fadaje, informace a postupy zpracovan\u00e9 v podrobnostech nezbytn\u00fdch pro zaji\u0161t\u011bn\u00ed bezpe\u010dn\u00e9 a zdrav\u00ed neohro\u017euj\u00edc\u00ed pr\u00e1ce,<\/li>\n<li>pom\u00e1h\u00e1 vypracovat a p\u0159\u00edpadn\u011b doru\u010d\u00ed ozn\u00e1men\u00ed o\u00a0zah\u00e1jen\u00ed prac\u00ed p\u0159\u00edslu\u0161n\u00e9mu Oblastn\u00edmu inspektor\u00e1tu pr\u00e1ce a to 8\u00a0dn\u016f p\u0159ed p\u0159ed\u00e1n\u00edm staveni\u0161t\u011b zhotoviteli stavby,<\/li>\n<li>zajist\u00ed zpracov\u00e1n\u00ed po\u017eadavk\u016f na bezpe\u010dnost a ochranu zdrav\u00ed p\u0159i pr\u00e1ci p\u0159i udr\u017eovac\u00edch prac\u00edch.<\/li>\n<\/ul>\n<p style=\"text-align: justify;\"><strong>Koordin\u00e1tor BOZP p\u0159i realizaci\u00a0stavby:<\/strong><\/p>\n<ul style=\"text-align: justify;\">\n<li>informuje v\u0161echny dot\u010den\u00e9 zhotovitele stavby o bezpe\u010dnostn\u00edch a zdravotn\u00edch rizic\u00edch, kter\u00e1 vznikla na staveni\u0161ti b\u011bhem postupu prac\u00ed,<\/li>\n<li>upozor\u0148uje zhotovitele stavby na nedostatky v uplat\u0148ov\u00e1n\u00ed po\u017eadavk\u016f na BOZP zji\u0161t\u011bn\u00e9 na pracovi\u0161ti, vy\u017eaduje zjedn\u00e1n\u00ed n\u00e1pravy a navrhuje p\u0159im\u011b\u0159en\u00e1 opat\u0159en\u00ed,<\/li>\n<li>koordinuje spolupr\u00e1ci v\u0161ech zhotovitel\u016f z\u00a0hlediska BOZP a minimalizuje mo\u017en\u00e1 rizika na staveni\u0161ti,<\/li>\n<li>d\u00e1v\u00e1 podn\u011bty a doporu\u010duje technick\u00e1 \u0159e\u0161en\u00ed nebo opat\u0159en\u00ed k zaji\u0161t\u011bn\u00ed BOZP pro stanoven\u00ed pracovn\u00edch nebo technologick\u00fdch postup\u016f prac\u00ed, kter\u00e9 uskute\u010dn\u00ed sou\u010dasn\u011b nebo na sebe budou bezprost\u0159edn\u011b navazovat,<\/li>\n<li>kontroluje zabezpe\u010den\u00ed obvodu staveni\u0161t\u011b, v\u010detn\u011b vstupu a vjezdu na staveni\u0161t\u011b s c\u00edlem zamezit vstup nepovolan\u00fdm fyzick\u00fdm osob\u00e1m,<\/li>\n<li>navrhuje term\u00edny a zaji\u0161\u0165uje organiza\u010dn\u011b kontroln\u00ed dny k\u00a0dodr\u017eov\u00e1n\u00ed BOZP na staveni\u0161ti,<\/li>\n<li>sleduje dodr\u017eov\u00e1n\u00ed &#8222;Pl\u00e1nu BOZP&#8220; v\u0161emi zhotoviteli, dopl\u0148uje a aktualizuje pl\u00e1n podle skute\u010dn\u00e9 situace,<\/li>\n<li>prov\u00e1d\u00ed p\u00edsemn\u00e9 z\u00e1pisy s\u00a0fotodokumentac\u00ed o\u00a0v\u0161ech zji\u0161t\u011bn\u00fdch nedostatc\u00edch v\u00a0BOZP na staveni\u0161ti, a d\u00e1le zapisuje \u00fadaje o tom, zda a jak\u00fdm zp\u016fsobem byly tyto nedostatky odstran\u011bny.<\/li>\n<\/ul>\n<p style=\"text-align: justify;\"><span style=\"color: #ff0000;\"><strong>Cena slu\u017eeb koordin\u00e1tora BOZP<\/strong><\/span><\/p>\n<p style=\"text-align: justify;\">Ceny za poskytovan\u00e9 slu\u017eby jsou stanovov\u00e1ny individu\u00e1ln\u011b podle slo\u017eitosti realizovan\u00e9ho projektu, d\u00e9lky realizace stavby, podle \u010detnosti kontroln\u00edch dn\u016f na stavb\u011b a specifick\u00fdch po\u017eadavc\u00edch investora.<\/p>\n<p style=\"text-align: justify;\">V p\u0159\u00edpad\u011b Va\u0161eho z\u00e1jmu m\u011b kontaktujte a zdarma V\u00e1m zpracuji konkr\u00e9tn\u00ed cenovou nab\u00eddku<\/p>\n","protected":false},"excerpt":{"rendered":"<p>V\u00fdkon \u010dinnost koordin\u00e1tora BOZP na staveni\u0161ti dle z\u00e1kona \u010d. 309\/2006 Sb. a prov\u00e1d\u011bj\u00edc\u00edch p\u0159edpis\u016f p\u0159i p\u0159\u00edprav\u011b i realizaci stavby Koordin\u00e1tor BOZP p\u0159i p\u0159\u00edprav\u011b stavby: poskytuje investorovi a projektantovi p\u0159ehled pr\u00e1vn\u00edch p\u0159edpis\u016f vztahuj\u00edc\u00edch se ke stavb\u011b, zpracov\u00e1v\u00e1 informace o\u00a0rizic\u00edch, kter\u00e9 se mohou na stavb\u011b p\u0159i jej\u00ed realizaci vyskytnout, d\u00e1v\u00e1 podn\u011bty a doporu\u010duje technick\u00e1 \u0159e\u0161en\u00ed nebo organiza\u010dn\u00ed [&hellip;]<\/p>\n","protected":false},"author":1,"featured_media":0,"parent":0,"menu_order":0,"comment_status":"closed","ping_status":"open","template":"","meta":{"footnotes":""},"class_list":["post-16","page","type-page","status-publish","hentry","content-columns-1"],"_links":{"self":[{"href":"https:\/\/www.vroblova.cz\/index.php?rest_route=\/wp\/v2\/pages\/16","targetHints":{"allow":["GET"]}}],"collection":[{"href":"https:\/\/www.vroblova.cz\/index.php?rest_route=\/wp\/v2\/pages"}],"about":[{"href":"https:\/\/www.vroblova.cz\/index.php?rest_route=\/wp\/v2\/types\/page"}],"author":[{"embeddable":true,"href":"https:\/\/www.vroblova.cz\/index.php?rest_route=\/wp\/v2\/users\/1"}],"replies":[{"embeddable":true,"href":"https:\/\/www.vroblova.cz\/index.php?rest_route=%2Fwp%2Fv2%2Fcomments&post=16"}],"version-history":[{"count":4,"href":"https:\/\/www.vroblova.cz\/index.php?rest_route=\/wp\/v2\/pages\/16\/revisions"}],"predecessor-version":[{"id":283,"href":"https:\/\/www.vroblova.cz\/index.php?rest_route=\/wp\/v2\/pages\/16\/revisions\/283"}],"wp:attachment":[{"href":"https:\/\/www.vroblova.cz\/index.php?rest_route=%2Fwp%2Fv2%2Fmedia&parent=16"}],"curies":[{"name":"wp","href":"https:\/\/api.w.org\/{rel}","templated":true}]}}