{"id":12,"date":"2014-11-14T08:19:08","date_gmt":"2014-11-14T07:19:08","guid":{"rendered":"http:\/\/www.vroblova.cz\/?page_id=12"},"modified":"2021-06-12T21:38:29","modified_gmt":"2021-06-12T19:38:29","slug":"hlavni","status":"publish","type":"page","link":"https:\/\/www.vroblova.cz\/","title":{"rendered":"\u00davod"},"content":{"rendered":"<h2 style=\"text-align: center;\"><a href=\"http:\/\/www.vroblova.cz\/wp-content\/uploads\/2014\/11\/2-e1416079382549.jpg\"><img loading=\"lazy\" decoding=\"async\" class=\"alignnone wp-image-49 size-large\" src=\"http:\/\/www.vroblova.cz\/wp-content\/uploads\/2014\/11\/2-e1416079382549-1024x128.jpg\" alt=\"ing. mamca\" width=\"904\" height=\"113\" srcset=\"https:\/\/www.vroblova.cz\/wp-content\/uploads\/2014\/11\/2-e1416079382549-1024x128.jpg 1024w, https:\/\/www.vroblova.cz\/wp-content\/uploads\/2014\/11\/2-e1416079382549-300x37.jpg 300w, https:\/\/www.vroblova.cz\/wp-content\/uploads\/2014\/11\/2-e1416079382549-904x113.jpg 904w, https:\/\/www.vroblova.cz\/wp-content\/uploads\/2014\/11\/2-e1416079382549.jpg 2048w\" sizes=\"auto, (max-width: 904px) 100vw, 904px\" \/><\/a><\/h2>\n<p><strong><span style=\"color: #0000ff;\">\u010cinnost koordin\u00e1tora bezpe\u010dnosti a ochrany zdrav\u00ed p\u0159i pr\u00e1ci na staveni\u0161ti (koordin\u00e1tor BOZP)<\/span><\/strong> stanovuje a upravuje z\u00e1kon \u010d. 309\/2006 Sb. o\u00a0dal\u0161\u00edch podm\u00ednk\u00e1ch bezpe\u010dnosti a ochrany zdrav\u00ed p\u0159i pr\u00e1ci, kter\u00fd vych\u00e1z\u00ed z\u00a0evropsk\u00e9 Sm\u011brnice Rady \u010d.\u00a089\/391\/EHS a 92\/57\/EHS. Za p\u0159esn\u011b stanoven\u00fdch podm\u00ednek \u010d\u00e1ste\u010dn\u011b p\u0159en\u00e1\u0161\u00ed odpov\u011bdnost za bezpe\u010dnost pr\u00e1ce na staveni\u0161ti na majitele, investora nebo stavebn\u00edka stavby.<\/p>\n<p>Od 1. kv\u011btna 2016 do\u0161lo k \u0159ad\u011b zm\u011bn v legislativ\u011b, kter\u00e9 se t\u00fdkaj\u00ed koordin\u00e1tor\u016f BOZP na staveni\u0161ti:<\/p>\n<ul>\n<li><strong><span style=\"color: #0000ff;\">z\u00e1kon \u010d. 88\/2016 Sb.<\/span><\/strong>, kter\u00fdm se m\u011bn\u00ed z\u00e1kon \u010d. 309\/2006 Sb., kter\u00fdm se upravuj\u00ed dal\u0161\u00ed po\u017eadavky bezpe\u010dnosti a ochrany zdrav\u00ed p\u0159i pr\u00e1ci v pracovn\u011bpr\u00e1vn\u00edch vztaz\u00edch a o zaji\u0161t\u011bn\u00ed bezpe\u010dnosti a ochrany zdrav\u00ed p\u0159i \u010dinnosti nebo poskytov\u00e1n\u00ed slu\u017eeb mimo pracovn\u011bpr\u00e1vn\u00ed vztahy (z\u00e1kon o zaji\u0161t\u011bn\u00ed dal\u0161\u00edch podm\u00ednek bezpe\u010dnosti a ochrany zdrav\u00ed p\u0159i pr\u00e1ci), ve zn\u011bn\u00ed pozd\u011bj\u0161\u00edch p\u0159edpis\u016f, z\u00e1kon \u010d. 251\/2005 Sb., o inspekci pr\u00e1ce, ve zn\u011bn\u00ed pozd\u011bj\u0161\u00edch p\u0159edpis\u016f, z\u00e1kon \u010d. 455\/1991 Sb., o \u017eivnostensk\u00e9m podnik\u00e1n\u00ed (\u017eivnostensk\u00fd z\u00e1kon), ve zn\u011bn\u00ed pozd\u011bj\u0161\u00edch p\u0159edpis\u016f, a z\u00e1kon \u010d. 435\/2004 Sb., o zam\u011bstnanosti, ve zn\u011bn\u00ed pozd\u011bj\u0161\u00edch p\u0159edpis\u016f<\/li>\n<li><strong><span style=\"color: #0000ff;\">na\u0159\u00edzen\u00ed vl\u00e1dy \u010d. 136\/2016 Sb.<\/span><\/strong>, kter\u00fdm se m\u011bn\u00ed na\u0159\u00edzen\u00ed vl\u00e1dy \u010d. 591\/2006 Sb., o bli\u017e\u0161\u00edch minim\u00e1ln\u00edch po\u017eadavc\u00edch na bezpe\u010dnost a ochranu zdrav\u00ed p\u0159i pr\u00e1ci na staveni\u0161t\u00edch, a na\u0159\u00edzen\u00ed vl\u00e1dy \u010d. 592\/2006 Sb., o podm\u00ednk\u00e1ch akreditace a prov\u00e1d\u011bn\u00ed zkou\u0161ek z odborn\u00e9 zp\u016fsobilosti.<\/li>\n<\/ul>\n<p><strong>\u00a0<\/strong><\/p>\n<p><strong><span style=\"color: #0000ff;\">V\u00a0\u00a7\u00a014 z\u00e1kona \u010d. 309\/2006 Sb. ve zn\u011bn\u00ed z\u00e1kona \u010d. 88\/2016 Sb.<\/span><\/strong> se p\u0159edepisuje zadavateli, investorovi nebo stavebn\u00edkovi stavby, aby v\u00a0p\u0159\u00edpad\u011b budou-li na staveni\u0161ti p\u016fsobit zam\u011bstnanci v\u00edce ne\u017e jednoho zhotovitele stavby, je povinen <strong>p\u00edsemn\u011b<\/strong> ur\u010dit jednoho nebo v\u00edce koordin\u00e1tor\u016f BOZP na staveni\u0161ti s p\u0159ihl\u00e9dnut\u00edm k druhu a velikosti stavby a jej\u00ed n\u00e1ro\u010dnosti na koordinaci opat\u0159en\u00ed k zaji\u0161t\u011bn\u00ed bezpe\u010dn\u00e9 a zdrav\u00ed neohro\u017euj\u00edc\u00ed pr\u00e1ce na staveni\u0161ti. Koordin\u00e1tor mus\u00ed b\u00fdt ur\u010den p\u0159i p\u0159\u00edprav\u011b stavby od zah\u00e1jen\u00ed prac\u00ed na zpracov\u00e1n\u00ed projektov\u00e9 dokumentace pro stavebn\u00ed \u0159\u00edzen\u00ed do jej\u00edho p\u0159ed\u00e1n\u00ed zadavateli stavby a p\u0159i realizaci stavby od p\u0159evzet\u00ed staveni\u0161t\u011b prvn\u00edm zhotovitelem do p\u0159evzet\u00ed dokon\u010den\u00e9 stavby zadavatelem stavby. <strong>Koordin\u00e1torem nem\u016f\u017ee b\u00fdt zhotovitel, jeho zam\u011bstnanec, ani fyzick\u00e1 osoba, kter\u00e1 odborn\u011b vede realizaci stavby.<\/strong><\/p>\n<p><strong><span style=\"color: #0000ff;\"> 15 z\u00e1kona \u010d. 309\/2006 Sb. ve zn\u011bn\u00ed z\u00e1kona \u010d. 88\/2016 Sb.<\/span><\/strong> stanov\u00ed zadavateli stavby n\u00e1sleduj\u00edc\u00ed povinnosti:<\/p>\n<ul>\n<li>v p\u0159\u00edpadech, kdy p\u0159i realizace stavby bude doba trv\u00e1n\u00ed prac\u00ed a \u010dinnost\u00ed del\u0161\u00ed ne\u017e pracovn\u00edch 30 dn\u016f, ve kter\u00fdch bude na stavb\u011b pracovat sou\u010dasn\u011b v\u00edce jak 20 osob po dobu del\u0161\u00ed ne\u017e 1 den, nebo celkov\u00fd pl\u00e1novan\u00fd objem prac\u00ed a \u010dinnost\u00ed b\u011bhem realizace d\u00edla p\u0159es\u00e1hne 500 \u201eosobodn\u00ed\u201c (500 pracovn\u00edch dn\u00ed v\u00a0p\u0159epo\u010dtu na jednu fyzickou osobu) je zadavatel stavby povinen doru\u010dit ozn\u00e1men\u00ed o zah\u00e1jen\u00ed prac\u00ed, jeho\u017e n\u00e1le\u017eitost\u00ed stanov\u00ed prov\u00e1d\u011bj\u00edc\u00ed pr\u00e1vn\u00ed p\u0159edpis (p\u0159\u00edloha \u010d. 4 k na\u0159\u00edzen\u00ed vl\u00e1dy \u010d. 591\/2006 Sb.) nejpozd\u011bji do 8 dn\u016f p\u0159ed p\u0159ed\u00e1n\u00edm staveni\u0161t\u011b zhotoviteli<\/li>\n<li>budou-li na staveni\u0161ti vykon\u00e1v\u00e1ny pr\u00e1ce a \u010dinnosti vystavuj\u00edc\u00ed fyzickou osobu zv\u00fd\u0161en\u00e9mu ohro\u017een\u00ed \u017eivota nebo po\u0161kozen\u00ed zdrav\u00ed, kter\u00e9 jsou stanoveny prov\u00e1d\u011bc\u00edm pr\u00e1vn\u00edm p\u0159edpisem (p\u0159\u00edloha \u010d. 5 k na\u0159\u00edzen\u00ed vl\u00e1dy \u010d. 591\/2006 Sb.), stejn\u011b jako v p\u0159\u00edpadech podle odstavce 1, zadavatel stavby zajist\u00ed, aby byl p\u0159i p\u0159\u00edprav\u011b stavby zpracov\u00e1n pl\u00e1n podle druhu a velikosti pln\u011b vyhovuj\u00edc\u00ed pot\u0159eb\u00e1m zaji\u0161t\u011bn\u00ed bezpe\u010dn\u00e9 a zdrav\u00ed neohro\u017euj\u00edc\u00ed pr\u00e1ce, a aby byl p\u0159i realizaci stavby aktualizov\u00e1n. <strong>Pl\u00e1n zpracov\u00e1v\u00e1 koordin\u00e1tor<\/strong><\/li>\n<li>zadavatel stavby mus\u00ed p\u0159i v\u00fdb\u011bru zhotovitele postupovat v souladu s po\u017eadavky na bezpe\u010dnost a ochranu zdrav\u00ed p\u0159i pr\u00e1ci s ohledem na pr\u00e1ce a \u010dinnosti vystavuj\u00edc\u00ed zam\u011bstnance zv\u00fd\u0161en\u00e9mu ohro\u017een\u00ed \u017eivota nebo zdrav\u00ed na staveni\u0161ti uveden\u00fdmi v pl\u00e1nu.<\/li>\n<\/ul>\n<p style=\"padding-left: 30px;\">Povinnost zadavatele stavby m\u00edt zaji\u0161t\u011bn\u00e9ho koordin\u00e1tora BOZP na staveni\u0161ti, kontroluje St\u00e1tn\u00ed \u00fa\u0159ad inspekce pr\u00e1ce (S\u00daIP) a jeho oblastn\u00ed inspektor\u00e1ty pr\u00e1ce (OIP).<\/p>\n<p style=\"padding-left: 30px;\">Koordin\u00e1tora BOZP na staveni\u0161ti v\u00a0\u017e\u00e1dn\u00e9m p\u0159\u00edpad\u011b neur\u010duje zhotovitel prac\u00ed a ani mu toto nem\u016f\u017ee b\u00fdt sv\u011b\u0159eno zadavatelem, investorem, stavebn\u00edkem. D\u016fvodem je st\u0159et z\u00e1jm\u016f.<\/p>\n<p>Stavby prov\u00e1d\u011bn\u00e9 sv\u00e9pomoc\u00ed se posuzuj\u00ed jako stavby s\u00a0jedn\u00edm zhotovitelem, kdy nen\u00ed pot\u0159ebn\u00fd koordin\u00e1tor BOZP, ale plat\u00ed ustanoven\u00ed pro zpracov\u00e1n\u00ed &#8222;Pl\u00e1nu BOZP&#8220; na staveni\u0161ti v\u00a0p\u0159\u00edpad\u011b rizikov\u00fdch prac\u00ed, uveden\u00fdch v\u00a0p\u0159\u00edloze \u010d.\u00a05 na\u0159\u00edzen\u00ed vl\u00e1dy \u010d. 591\/2006 Sb.<\/p>\n<p><strong>\u00a0<\/strong><\/p>\n<p><strong><span style=\"color: #ff0000;\">Pr\u00e1ce se zv\u00fd\u0161en\u00fdm rizikem:<\/span><\/strong><\/p>\n<p><strong><span style=\"color: #0000ff;\">P\u0159\u00edloha \u010d. 5 k\u00a0na\u0159\u00edzen\u00ed vl\u00e1dy \u010d. 591\/2006 Sb. ve zn\u011bn\u00ed na\u0159\u00edzen\u00ed vl\u00e1dy \u010d. 136\/2016 Sb.<\/span> \u00a0<\/strong><\/p>\n<ol>\n<li>Pr\u00e1ce vystavuj\u00edc\u00ed zam\u011bstnance riziku po\u0161kozen\u00ed zdrav\u00ed nebo smrti sesuvem uvoln\u011bn\u00e9 zeminy ve v\u00fdkopu o hloubce v\u011bt\u0161\u00ed ne\u017e 5 m<\/li>\n<li>Pr\u00e1ce souvisej\u00edc\u00ed s pou\u017e\u00edv\u00e1n\u00edm nebezpe\u010dn\u00fdch chemick\u00fdch l\u00e1tek a sm\u011bs\u00ed klasifikovan\u00fdch podle p\u0159\u00edmo pou\u017eiteln\u00e9ho p\u0159edpisu Evropsk\u00e9 unie jako akutn\u011b toxick\u00e9 kategorie 1 a 2 nebo p\u0159i v\u00fdskytu biologick\u00fdch \u010dinitel\u016f podle zvl\u00e1\u0161tn\u00edch pr\u00e1vn\u00edch p\u0159edpis\u016f.<\/li>\n<li>Pr\u00e1ce se zdroji ionizuj\u00edc\u00edcho z\u00e1\u0159en\u00ed pokud se na n\u011b nevztahuj\u00ed zvl\u00e1\u0161tn\u00ed pr\u00e1vn\u00ed p\u0159edpisy.<\/li>\n<li>Pr\u00e1ce nad vodou nebo v jej\u00ed t\u011bsn\u00e9 bl\u00edzkosti spojen\u00e9 s bezprost\u0159edn\u00edm nebezpe\u010d\u00edm utonut\u00ed.<\/li>\n<li>Pr\u00e1ce, p\u0159i kter\u00fdch hroz\u00ed p\u00e1d z v\u00fd\u0161ky nebo do voln\u00e9 hloubky v\u00edce ne\u017e 10 m.<\/li>\n<li>Pr\u00e1ce vykon\u00e1van\u00e9 v ochrann\u00fdch p\u00e1smech energetick\u00fdch veden\u00ed pop\u0159\u00edpad\u011b za\u0159\u00edzen\u00ed technick\u00e9ho vybaven\u00ed.<\/li>\n<li>Studna\u0159sk\u00e9 pr\u00e1ce, zemn\u00ed pr\u00e1ce prov\u00e1d\u011bn\u00e9 protla\u010dov\u00e1n\u00edm nebo mikrotunelov\u00e1n\u00edm z podzemn\u00edho d\u00edla, p\u0159i stavb\u011b tunel\u016f, pokud nepodl\u00e9haj\u00ed dozoru org\u00e1n\u016f st\u00e1tn\u00ed b\u00e1\u0148sk\u00e9 spr\u00e1vy.<\/li>\n<li>Pot\u00e1p\u011b\u010dsk\u00e9 pr\u00e1ce.<\/li>\n<li>Pr\u00e1ce prov\u00e1d\u011bn\u00e9 ve zv\u00fd\u0161en\u00e9m tlaku vzduchu (v kesonu).<\/li>\n<li>Pr\u00e1ce s pou\u017eit\u00edm v\u00fdbu\u0161nin podle zvl\u00e1\u0161tn\u00edch pr\u00e1vn\u00edch p\u0159edpis\u016f.<\/li>\n<li>Pr\u00e1ce spojen\u00e9 s mont\u00e1\u017e\u00ed a demont\u00e1\u017e\u00ed t\u011b\u017ek\u00fdch konstruk\u010dn\u00edch stavebn\u00edch d\u00edl\u016f kovov\u00fdch, betonov\u00fdch a d\u0159ev\u011bn\u00fdch ur\u010den\u00fdch pro trval\u00e9 zabudov\u00e1n\u00ed do staveb<\/li>\n<\/ol>\n","protected":false},"excerpt":{"rendered":"<p>\u010cinnost koordin\u00e1tora bezpe\u010dnosti a ochrany zdrav\u00ed p\u0159i pr\u00e1ci na staveni\u0161ti (koordin\u00e1tor BOZP) stanovuje a upravuje z\u00e1kon \u010d. 309\/2006 Sb. o\u00a0dal\u0161\u00edch podm\u00ednk\u00e1ch bezpe\u010dnosti a ochrany zdrav\u00ed p\u0159i pr\u00e1ci, kter\u00fd vych\u00e1z\u00ed z\u00a0evropsk\u00e9 Sm\u011brnice Rady \u010d.\u00a089\/391\/EHS a 92\/57\/EHS. Za p\u0159esn\u011b stanoven\u00fdch podm\u00ednek \u010d\u00e1ste\u010dn\u011b p\u0159en\u00e1\u0161\u00ed odpov\u011bdnost za bezpe\u010dnost pr\u00e1ce na staveni\u0161ti na majitele, investora nebo stavebn\u00edka stavby. Od 1. [&hellip;]<\/p>\n","protected":false},"author":1,"featured_media":0,"parent":0,"menu_order":0,"comment_status":"closed","ping_status":"closed","template":"","meta":{"footnotes":""},"class_list":["post-12","page","type-page","status-publish","hentry","content-columns-1"],"_links":{"self":[{"href":"https:\/\/www.vroblova.cz\/index.php?rest_route=\/wp\/v2\/pages\/12","targetHints":{"allow":["GET"]}}],"collection":[{"href":"https:\/\/www.vroblova.cz\/index.php?rest_route=\/wp\/v2\/pages"}],"about":[{"href":"https:\/\/www.vroblova.cz\/index.php?rest_route=\/wp\/v2\/types\/page"}],"author":[{"embeddable":true,"href":"https:\/\/www.vroblova.cz\/index.php?rest_route=\/wp\/v2\/users\/1"}],"replies":[{"embeddable":true,"href":"https:\/\/www.vroblova.cz\/index.php?rest_route=%2Fwp%2Fv2%2Fcomments&post=12"}],"version-history":[{"count":26,"href":"https:\/\/www.vroblova.cz\/index.php?rest_route=\/wp\/v2\/pages\/12\/revisions"}],"predecessor-version":[{"id":279,"href":"https:\/\/www.vroblova.cz\/index.php?rest_route=\/wp\/v2\/pages\/12\/revisions\/279"}],"wp:attachment":[{"href":"https:\/\/www.vroblova.cz\/index.php?rest_route=%2Fwp%2Fv2%2Fmedia&parent=12"}],"curies":[{"name":"wp","href":"https:\/\/api.w.org\/{rel}","templated":true}]}}